{"id":2,"date":"2023-10-29T14:02:19","date_gmt":"2023-10-29T13:02:19","guid":{"rendered":"http:\/\/canyoninglagrave.com\/?page_id=2"},"modified":"2025-04-24T13:40:45","modified_gmt":"2025-04-24T11:40:45","slug":"page-d-exemple","status":"publish","type":"page","link":"https:\/\/canyoninglagrave.com\/","title":{"rendered":"Accueil"},"content":{"rendered":"\n<figure class=\"wp-block-image size-large is-resized is-style-default\"><img loading=\"lazy\" decoding=\"async\" width=\"1024\" height=\"1024\" src=\"https:\/\/canyoninglagrave.com\/wp-content\/uploads\/2025\/04\/Logo-Grangeon-1024x1024.jpg\" alt=\"\" class=\"wp-image-9\" style=\"width:364px;height:auto\" srcset=\"https:\/\/canyoninglagrave.com\/wp-content\/uploads\/2025\/04\/Logo-Grangeon-1024x1024.jpg 1024w, https:\/\/canyoninglagrave.com\/wp-content\/uploads\/2025\/04\/Logo-Grangeon-300x300.jpg 300w, https:\/\/canyoninglagrave.com\/wp-content\/uploads\/2025\/04\/Logo-Grangeon-150x150.jpg 150w, https:\/\/canyoninglagrave.com\/wp-content\/uploads\/2025\/04\/Logo-Grangeon-768x768.jpg 768w, https:\/\/canyoninglagrave.com\/wp-content\/uploads\/2025\/04\/Logo-Grangeon.jpg 1200w\" sizes=\"auto, (max-width: 1024px) 100vw, 1024px\" \/><\/figure>\n\n\n\n<p class=\"has-x-large-font-size\">Canyoning La Grave<\/p>\n\n\n\n<p>Village de haute montagne situ\u00e9 dans les Hautes-Alpes, La Grave est un vrai sanctuaire des sports de pleine nature. C&#8217;est dans ce cadre qu&#8217;avec le Bureau des Guides et Accompagnateurs de La Grave nous avons d\u00e9cid\u00e9 de d\u00e9velopper et promouvoir l&#8217;activit\u00e9 du canyonisme dans ce magnifique secteur.<\/p>\n\n\n\n<p>Nous vous proposons ainsi un panel de sorties allant de la d\u00e9couverte de l&#8217;activit\u00e9 jusqu&#8217;\u00e0 l&#8217;exploration des descentes embl\u00e9matiques du secteur.<\/p>\n\n\n\n<p>Ce site est actuellement en construction. En attendant, n&#8217;h\u00e9sitez pas a contacter info@guidelagrave.com ou le 04 76 79 90 21, ou allez directement sur le site web <a href=\"http:\/\/www.guidelagrave.com\">http:\/\/www.guidelagrave.com<\/a> pour plus d&#8217;informations.<\/p>\n\n\n\n<div class=\"wp-block-columns is-layout-flex wp-container-core-columns-is-layout-28f84493 wp-block-columns-is-layout-flex\">\n<div class=\"wp-block-column is-layout-flow wp-block-column-is-layout-flow\" style=\"flex-basis:100%\">\n<figure class=\"wp-block-gallery has-nested-images columns-default is-cropped wp-block-gallery-1 is-layout-flex wp-block-gallery-is-layout-flex\">\n<figure class=\"wp-block-image size-large\"><img loading=\"lazy\" decoding=\"async\" width=\"713\" height=\"1024\" data-id=\"20\" src=\"https:\/\/canyoninglagrave.com\/wp-content\/uploads\/2025\/04\/Canyoning-haut-Ga-713x1024.jpg\" alt=\"\" class=\"wp-image-20\" srcset=\"https:\/\/canyoninglagrave.com\/wp-content\/uploads\/2025\/04\/Canyoning-haut-Ga-713x1024.jpg 713w, https:\/\/canyoninglagrave.com\/wp-content\/uploads\/2025\/04\/Canyoning-haut-Ga-209x300.jpg 209w, https:\/\/canyoninglagrave.com\/wp-content\/uploads\/2025\/04\/Canyoning-haut-Ga-768x1103.jpg 768w, https:\/\/canyoninglagrave.com\/wp-content\/uploads\/2025\/04\/Canyoning-haut-Ga-1070x1536.jpg 1070w, https:\/\/canyoninglagrave.com\/wp-content\/uploads\/2025\/04\/Canyoning-haut-Ga-1426x2048.jpg 1426w, https:\/\/canyoninglagrave.com\/wp-content\/uploads\/2025\/04\/Canyoning-haut-Ga-scaled.jpg 1783w\" sizes=\"auto, (max-width: 713px) 100vw, 713px\" \/><\/figure>\n\n\n\n\n\n<figure class=\"wp-block-image size-large\"><img loading=\"lazy\" decoding=\"async\" width=\"683\" height=\"1024\" data-id=\"17\" src=\"https:\/\/canyoninglagrave.com\/wp-content\/uploads\/2025\/04\/Canyoning-haut-Ga-15-683x1024.jpg\" alt=\"\" class=\"wp-image-17\" srcset=\"https:\/\/canyoninglagrave.com\/wp-content\/uploads\/2025\/04\/Canyoning-haut-Ga-15-683x1024.jpg 683w, https:\/\/canyoninglagrave.com\/wp-content\/uploads\/2025\/04\/Canyoning-haut-Ga-15-200x300.jpg 200w, https:\/\/canyoninglagrave.com\/wp-content\/uploads\/2025\/04\/Canyoning-haut-Ga-15-768x1152.jpg 768w, https:\/\/canyoninglagrave.com\/wp-content\/uploads\/2025\/04\/Canyoning-haut-Ga-15-1024x1536.jpg 1024w, https:\/\/canyoninglagrave.com\/wp-content\/uploads\/2025\/04\/Canyoning-haut-Ga-15-1365x2048.jpg 1365w, https:\/\/canyoninglagrave.com\/wp-content\/uploads\/2025\/04\/Canyoning-haut-Ga-15-scaled.jpg 1706w\" sizes=\"auto, (max-width: 683px) 100vw, 683px\" \/><\/figure>\n\n\n\n<figure class=\"wp-block-image size-large\"><img loading=\"lazy\" decoding=\"async\" width=\"683\" height=\"1024\" data-id=\"18\" src=\"https:\/\/canyoninglagrave.com\/wp-content\/uploads\/2025\/04\/Canyoning-haut-Ga-16-1-683x1024.jpg\" alt=\"\" class=\"wp-image-18\" srcset=\"https:\/\/canyoninglagrave.com\/wp-content\/uploads\/2025\/04\/Canyoning-haut-Ga-16-1-683x1024.jpg 683w, https:\/\/canyoninglagrave.com\/wp-content\/uploads\/2025\/04\/Canyoning-haut-Ga-16-1-200x300.jpg 200w, https:\/\/canyoninglagrave.com\/wp-content\/uploads\/2025\/04\/Canyoning-haut-Ga-16-1-768x1152.jpg 768w, https:\/\/canyoninglagrave.com\/wp-content\/uploads\/2025\/04\/Canyoning-haut-Ga-16-1-1024x1536.jpg 1024w, https:\/\/canyoninglagrave.com\/wp-content\/uploads\/2025\/04\/Canyoning-haut-Ga-16-1-1365x2048.jpg 1365w, https:\/\/canyoninglagrave.com\/wp-content\/uploads\/2025\/04\/Canyoning-haut-Ga-16-1-scaled.jpg 1706w\" sizes=\"auto, (max-width: 683px) 100vw, 683px\" \/><\/figure>\n\n\n\n<figure class=\"wp-block-image size-large\"><img loading=\"lazy\" decoding=\"async\" width=\"1024\" height=\"683\" data-id=\"19\" src=\"https:\/\/canyoninglagrave.com\/wp-content\/uploads\/2025\/04\/Canyoning-haut-Ga-22-1024x683.jpg\" alt=\"\" class=\"wp-image-19\" srcset=\"https:\/\/canyoninglagrave.com\/wp-content\/uploads\/2025\/04\/Canyoning-haut-Ga-22-1024x683.jpg 1024w, https:\/\/canyoninglagrave.com\/wp-content\/uploads\/2025\/04\/Canyoning-haut-Ga-22-300x200.jpg 300w, https:\/\/canyoninglagrave.com\/wp-content\/uploads\/2025\/04\/Canyoning-haut-Ga-22-768x512.jpg 768w, https:\/\/canyoninglagrave.com\/wp-content\/uploads\/2025\/04\/Canyoning-haut-Ga-22-1536x1024.jpg 1536w, https:\/\/canyoninglagrave.com\/wp-content\/uploads\/2025\/04\/Canyoning-haut-Ga-22-2048x1365.jpg 2048w\" sizes=\"auto, (max-width: 1024px) 100vw, 1024px\" \/><\/figure>\n<\/figure>\n<\/div>\n<\/div>\n\n\n\n<p><\/p>\n","protected":false},"excerpt":{"rendered":"<p>Canyoning La Grave Village de haute montagne situ\u00e9 dans les Hautes-Alpes, La Grave est un vrai sanctuaire des sports de pleine nature. C&#8217;est dans ce cadre qu&#8217;avec le Bureau des Guides et Accompagnateurs de La Grave nous avons d\u00e9cid\u00e9 de d\u00e9velopper et promouvoir l&#8217;activit\u00e9 du canyonisme dans ce magnifique secteur. Nous vous proposons ainsi un [&hellip;]<\/p>\n","protected":false},"author":1,"featured_media":0,"parent":0,"menu_order":0,"comment_status":"closed","ping_status":"open","template":"","meta":{"footnotes":""},"class_list":["post-2","page","type-page","status-publish","hentry"],"_links":{"self":[{"href":"https:\/\/canyoninglagrave.com\/index.php\/wp-json\/wp\/v2\/pages\/2","targetHints":{"allow":["GET"]}}],"collection":[{"href":"https:\/\/canyoninglagrave.com\/index.php\/wp-json\/wp\/v2\/pages"}],"about":[{"href":"https:\/\/canyoninglagrave.com\/index.php\/wp-json\/wp\/v2\/types\/page"}],"author":[{"embeddable":true,"href":"https:\/\/canyoninglagrave.com\/index.php\/wp-json\/wp\/v2\/users\/1"}],"replies":[{"embeddable":true,"href":"https:\/\/canyoninglagrave.com\/index.php\/wp-json\/wp\/v2\/comments?post=2"}],"version-history":[{"count":6,"href":"https:\/\/canyoninglagrave.com\/index.php\/wp-json\/wp\/v2\/pages\/2\/revisions"}],"predecessor-version":[{"id":26,"href":"https:\/\/canyoninglagrave.com\/index.php\/wp-json\/wp\/v2\/pages\/2\/revisions\/26"}],"wp:attachment":[{"href":"https:\/\/canyoninglagrave.com\/index.php\/wp-json\/wp\/v2\/media?parent=2"}],"curies":[{"name":"wp","href":"https:\/\/api.w.org\/{rel}","templated":true}]}}